{"id":59,"date":"2024-10-04T07:30:38","date_gmt":"2024-10-04T07:30:38","guid":{"rendered":"https:\/\/rullgardiner.se\/?post_type=product&#038;p=59"},"modified":"2026-02-15T00:08:59","modified_gmt":"2026-02-14T23:08:59","slug":"rullgardin","status":"publish","type":"product","link":"https:\/\/rullgardiner.se\/index.php\/produkt\/rullgardin\/","title":{"rendered":"Rullgardin"},"content":{"rendered":"","protected":false},"excerpt":{"rendered":"","protected":false},"featured_media":0,"template":"","meta":[],"product_brand":[],"product_cat":[18],"product_tag":[],"class_list":{"0":"post-59","1":"product","2":"type-product","3":"status-publish","5":"product_cat-rullgardiner","7":"first","8":"instock","9":"shipping-taxable","10":"purchasable","11":"product-type-simple"},"yoast_head":"<!-- This site is optimized with the Yoast SEO plugin v26.9 - https:\/\/yoast.com\/product\/yoast-seo-wordpress\/ -->\n<title>Rullgardin - Rullgardiner.se<\/title>\n<meta name=\"robots\" content=\"index, follow, max-snippet:-1, max-image-preview:large, max-video-preview:-1\" \/>\n<link rel=\"canonical\" href=\"https:\/\/rullgardiner.se\/index.php\/produkt\/rullgardin\/\" \/>\n<meta property=\"og:locale\" content=\"sv_SE\" \/>\n<meta property=\"og:type\" content=\"article\" \/>\n<meta property=\"og:title\" content=\"Rullgardin - Rullgardiner.se\" \/>\n<meta property=\"og:url\" content=\"https:\/\/rullgardiner.se\/index.php\/produkt\/rullgardin\/\" \/>\n<meta property=\"og:site_name\" content=\"Rullgardiner.se\" \/>\n<meta property=\"article:modified_time\" content=\"2026-02-14T23:08:59+00:00\" \/>\n<meta name=\"twitter:card\" content=\"summary_large_image\" \/>\n<script type=\"application\/ld+json\" class=\"yoast-schema-graph\">{\"@context\":\"https:\/\/schema.org\",\"@graph\":[{\"@type\":\"WebPage\",\"@id\":\"https:\/\/rullgardiner.se\/index.php\/produkt\/rullgardin\/\",\"url\":\"https:\/\/rullgardiner.se\/index.php\/produkt\/rullgardin\/\",\"name\":\"Rullgardin - Rullgardiner.se\",\"isPartOf\":{\"@id\":\"https:\/\/rullgardiner.se\/#website\"},\"datePublished\":\"2024-10-04T07:30:38+00:00\",\"dateModified\":\"2026-02-14T23:08:59+00:00\",\"breadcrumb\":{\"@id\":\"https:\/\/rullgardiner.se\/index.php\/produkt\/rullgardin\/#breadcrumb\"},\"inLanguage\":\"sv-SE\",\"potentialAction\":[{\"@type\":\"ReadAction\",\"target\":[\"https:\/\/rullgardiner.se\/index.php\/produkt\/rullgardin\/\"]}]},{\"@type\":\"BreadcrumbList\",\"@id\":\"https:\/\/rullgardiner.se\/index.php\/produkt\/rullgardin\/#breadcrumb\",\"itemListElement\":[{\"@type\":\"ListItem\",\"position\":1,\"name\":\"Hem\",\"item\":\"https:\/\/rullgardiner.se\/\"},{\"@type\":\"ListItem\",\"position\":2,\"name\":\"Products\",\"item\":\"https:\/\/rullgardiner.se\/index.php\/products\/\"},{\"@type\":\"ListItem\",\"position\":3,\"name\":\"Rullgardin\"}]},{\"@type\":\"WebSite\",\"@id\":\"https:\/\/rullgardiner.se\/#website\",\"url\":\"https:\/\/rullgardiner.se\/\",\"name\":\"Rullgardiner.se\",\"description\":\"Rullgardiner.se erbjuder m\u00e5ttbest\u00e4llda rullgardiner tillverkade i Sverige efter kundens egna m\u00e5tt och val av v\u00e4v. I v\u00e5r e-handel best\u00e4ller du enkelt svensktillverkade rullgardiner online med fokus p\u00e5 kvalitet, design och passform.\",\"publisher\":{\"@id\":\"https:\/\/rullgardiner.se\/#organization\"},\"potentialAction\":[{\"@type\":\"SearchAction\",\"target\":{\"@type\":\"EntryPoint\",\"urlTemplate\":\"https:\/\/rullgardiner.se\/?s={search_term_string}\"},\"query-input\":{\"@type\":\"PropertyValueSpecification\",\"valueRequired\":true,\"valueName\":\"search_term_string\"}}],\"inLanguage\":\"sv-SE\"},{\"@type\":\"Organization\",\"@id\":\"https:\/\/rullgardiner.se\/#organization\",\"name\":\"Rullgardiner.se\",\"url\":\"https:\/\/rullgardiner.se\/\",\"logo\":{\"@type\":\"ImageObject\",\"inLanguage\":\"sv-SE\",\"@id\":\"https:\/\/rullgardiner.se\/#\/schema\/logo\/image\/\",\"url\":\"https:\/\/rullgardiner.se\/wp-content\/uploads\/2024\/10\/loggahem.png\",\"contentUrl\":\"https:\/\/rullgardiner.se\/wp-content\/uploads\/2024\/10\/loggahem.png\",\"width\":350,\"height\":100,\"caption\":\"Rullgardiner.se\"},\"image\":{\"@id\":\"https:\/\/rullgardiner.se\/#\/schema\/logo\/image\/\"}}]}<\/script>\n<!-- \/ Yoast SEO plugin. -->","yoast_head_json":{"title":"Rullgardin - Rullgardiner.se","robots":{"index":"index","follow":"follow","max-snippet":"max-snippet:-1","max-image-preview":"max-image-preview:large","max-video-preview":"max-video-preview:-1"},"canonical":"https:\/\/rullgardiner.se\/index.php\/produkt\/rullgardin\/","og_locale":"sv_SE","og_type":"article","og_title":"Rullgardin - Rullgardiner.se","og_url":"https:\/\/rullgardiner.se\/index.php\/produkt\/rullgardin\/","og_site_name":"Rullgardiner.se","article_modified_time":"2026-02-14T23:08:59+00:00","twitter_card":"summary_large_image","schema":{"@context":"https:\/\/schema.org","@graph":[{"@type":"WebPage","@id":"https:\/\/rullgardiner.se\/index.php\/produkt\/rullgardin\/","url":"https:\/\/rullgardiner.se\/index.php\/produkt\/rullgardin\/","name":"Rullgardin - Rullgardiner.se","isPartOf":{"@id":"https:\/\/rullgardiner.se\/#website"},"datePublished":"2024-10-04T07:30:38+00:00","dateModified":"2026-02-14T23:08:59+00:00","breadcrumb":{"@id":"https:\/\/rullgardiner.se\/index.php\/produkt\/rullgardin\/#breadcrumb"},"inLanguage":"sv-SE","potentialAction":[{"@type":"ReadAction","target":["https:\/\/rullgardiner.se\/index.php\/produkt\/rullgardin\/"]}]},{"@type":"BreadcrumbList","@id":"https:\/\/rullgardiner.se\/index.php\/produkt\/rullgardin\/#breadcrumb","itemListElement":[{"@type":"ListItem","position":1,"name":"Hem","item":"https:\/\/rullgardiner.se\/"},{"@type":"ListItem","position":2,"name":"Products","item":"https:\/\/rullgardiner.se\/index.php\/products\/"},{"@type":"ListItem","position":3,"name":"Rullgardin"}]},{"@type":"WebSite","@id":"https:\/\/rullgardiner.se\/#website","url":"https:\/\/rullgardiner.se\/","name":"Rullgardiner.se","description":"Rullgardiner.se erbjuder m\u00e5ttbest\u00e4llda rullgardiner tillverkade i Sverige efter kundens egna m\u00e5tt och val av v\u00e4v. I v\u00e5r e-handel best\u00e4ller du enkelt svensktillverkade rullgardiner online med fokus p\u00e5 kvalitet, design och passform.","publisher":{"@id":"https:\/\/rullgardiner.se\/#organization"},"potentialAction":[{"@type":"SearchAction","target":{"@type":"EntryPoint","urlTemplate":"https:\/\/rullgardiner.se\/?s={search_term_string}"},"query-input":{"@type":"PropertyValueSpecification","valueRequired":true,"valueName":"search_term_string"}}],"inLanguage":"sv-SE"},{"@type":"Organization","@id":"https:\/\/rullgardiner.se\/#organization","name":"Rullgardiner.se","url":"https:\/\/rullgardiner.se\/","logo":{"@type":"ImageObject","inLanguage":"sv-SE","@id":"https:\/\/rullgardiner.se\/#\/schema\/logo\/image\/","url":"https:\/\/rullgardiner.se\/wp-content\/uploads\/2024\/10\/loggahem.png","contentUrl":"https:\/\/rullgardiner.se\/wp-content\/uploads\/2024\/10\/loggahem.png","width":350,"height":100,"caption":"Rullgardiner.se"},"image":{"@id":"https:\/\/rullgardiner.se\/#\/schema\/logo\/image\/"}}]}},"jetpack_sharing_enabled":true,"_links":{"self":[{"href":"https:\/\/rullgardiner.se\/index.php\/wp-json\/wp\/v2\/product\/59","targetHints":{"allow":["GET"]}}],"collection":[{"href":"https:\/\/rullgardiner.se\/index.php\/wp-json\/wp\/v2\/product"}],"about":[{"href":"https:\/\/rullgardiner.se\/index.php\/wp-json\/wp\/v2\/types\/product"}],"wp:attachment":[{"href":"https:\/\/rullgardiner.se\/index.php\/wp-json\/wp\/v2\/media?parent=59"}],"wp:term":[{"taxonomy":"product_brand","embeddable":true,"href":"https:\/\/rullgardiner.se\/index.php\/wp-json\/wp\/v2\/product_brand?post=59"},{"taxonomy":"product_cat","embeddable":true,"href":"https:\/\/rullgardiner.se\/index.php\/wp-json\/wp\/v2\/product_cat?post=59"},{"taxonomy":"product_tag","embeddable":true,"href":"https:\/\/rullgardiner.se\/index.php\/wp-json\/wp\/v2\/product_tag?post=59"}],"curies":[{"name":"wp","href":"https:\/\/api.w.org\/{rel}","templated":true}]}}